{"id":1210,"date":"2021-01-25T05:27:40","date_gmt":"2021-01-25T04:27:40","guid":{"rendered":"http:\/\/www2.nir.com.pl\/kontakt\/"},"modified":"2021-03-03T13:22:19","modified_gmt":"2021-03-03T12:22:19","slug":"contact","status":"publish","type":"page","link":"https:\/\/nir.com.pl\/en\/contact\/","title":{"rendered":"Contact"},"content":{"rendered":"\t\t<div data-elementor-type=\"wp-page\" data-elementor-id=\"1210\" class=\"elementor elementor-1210 elementor-849\" data-elementor-post-type=\"page\">\n\t\t\t\t\t\t<section class=\"elementor-section elementor-top-section elementor-element elementor-element-a15138f elementor-section-full_width elementor-section-stretched elementor-section-height-default elementor-section-height-default magic-button-disabled-no\" data-id=\"a15138f\" data-element_type=\"section\" data-settings=\"{&quot;stretch_section&quot;:&quot;section-stretched&quot;,&quot;background_background&quot;:&quot;classic&quot;}\">\n\t\t\t\t\t\t<div class=\"elementor-container elementor-column-gap-default\">\n\t\t\t\t\t<div class=\"elementor-column elementor-col-100 elementor-top-column elementor-element elementor-element-b01ba64\" data-id=\"b01ba64\" data-element_type=\"column\">\n\t\t\t<div class=\"elementor-widget-wrap elementor-element-populated\">\n\t\t\t\t\t\t\t<\/div>\n\t\t<\/div>\n\t\t\t\t\t<\/div>\n\t\t<\/section>\n\t\t\t\t<section class=\"elementor-section elementor-top-section elementor-element elementor-element-1b3ec19 elementor-section-full_width elementor-section-height-default elementor-section-height-default magic-button-disabled-no\" data-id=\"1b3ec19\" data-element_type=\"section\">\n\t\t\t\t\t\t<div class=\"elementor-container elementor-column-gap-default\">\n\t\t\t\t\t<div class=\"elementor-column elementor-col-50 elementor-top-column elementor-element elementor-element-9bc0708\" data-id=\"9bc0708\" data-element_type=\"column\">\n\t\t\t<div class=\"elementor-widget-wrap elementor-element-populated\">\n\t\t\t\t\t\t<div class=\"elementor-element elementor-element-cb767c9 elementor-widget elementor-widget-text-editor\" data-id=\"cb767c9\" data-element_type=\"widget\" data-widget_type=\"text-editor.default\">\n\t\t\t\t<div class=\"elementor-widget-container\">\n\t\t\t\t\t\t\t\t\tNowak &#038; Rajwa Business Services<br \/>Anna Nowak, Barbara Urbanek Rajwa S.C.\t\t\t\t\t\t\t\t<\/div>\n\t\t\t\t<\/div>\n\t\t\t\t<section class=\"elementor-section elementor-inner-section elementor-element elementor-element-831bff6 elementor-section-full_width elementor-section-height-default elementor-section-height-default magic-button-disabled-no\" data-id=\"831bff6\" data-element_type=\"section\">\n\t\t\t\t\t\t<div class=\"elementor-container elementor-column-gap-default\">\n\t\t\t\t\t<div class=\"elementor-column elementor-col-50 elementor-inner-column elementor-element elementor-element-7505cfe\" data-id=\"7505cfe\" data-element_type=\"column\">\n\t\t\t<div class=\"elementor-widget-wrap elementor-element-populated\">\n\t\t\t\t\t\t<div class=\"elementor-element elementor-element-48e66a2 elementor-view-framed elementor-shape-square elementor-widget elementor-widget-icon\" data-id=\"48e66a2\" data-element_type=\"widget\" data-widget_type=\"icon.default\">\n\t\t\t\t<div class=\"elementor-widget-container\">\n\t\t\t\t\t\t\t<div class=\"elementor-icon-wrapper\">\n\t\t\t<div class=\"elementor-icon\">\n\t\t\t<i aria-hidden=\"true\" class=\"fas fa-map-marker-alt\"><\/i>\t\t\t<\/div>\n\t\t<\/div>\n\t\t\t\t\t\t<\/div>\n\t\t\t\t<\/div>\n\t\t\t\t\t<\/div>\n\t\t<\/div>\n\t\t\t\t<div class=\"elementor-column elementor-col-50 elementor-inner-column elementor-element elementor-element-2db3a9b\" data-id=\"2db3a9b\" data-element_type=\"column\">\n\t\t\t<div class=\"elementor-widget-wrap elementor-element-populated\">\n\t\t\t\t\t\t<div class=\"elementor-element elementor-element-bda3dbb elementor-widget elementor-widget-text-editor\" data-id=\"bda3dbb\" data-element_type=\"widget\" data-widget_type=\"text-editor.default\">\n\t\t\t\t<div class=\"elementor-widget-container\">\n\t\t\t\t\t\t\t\t\t<p>ul. Ko\u015bciuszki 38\/12,<br \/>40-048 Katowice<\/p>\t\t\t\t\t\t\t\t<\/div>\n\t\t\t\t<\/div>\n\t\t\t\t\t<\/div>\n\t\t<\/div>\n\t\t\t\t\t<\/div>\n\t\t<\/section>\n\t\t\t\t<section class=\"elementor-section elementor-inner-section elementor-element elementor-element-6932c59 elementor-section-full_width elementor-section-height-default elementor-section-height-default magic-button-disabled-no\" data-id=\"6932c59\" data-element_type=\"section\">\n\t\t\t\t\t\t<div class=\"elementor-container elementor-column-gap-default\">\n\t\t\t\t\t<div class=\"elementor-column elementor-col-50 elementor-inner-column elementor-element elementor-element-9a2c438\" data-id=\"9a2c438\" data-element_type=\"column\">\n\t\t\t<div class=\"elementor-widget-wrap elementor-element-populated\">\n\t\t\t\t\t\t<div class=\"elementor-element elementor-element-6bd15b3 elementor-view-framed elementor-shape-square elementor-widget elementor-widget-icon\" data-id=\"6bd15b3\" data-element_type=\"widget\" data-widget_type=\"icon.default\">\n\t\t\t\t<div class=\"elementor-widget-container\">\n\t\t\t\t\t\t\t<div class=\"elementor-icon-wrapper\">\n\t\t\t<div class=\"elementor-icon\">\n\t\t\t<i aria-hidden=\"true\" class=\"far fa-clipboard\"><\/i>\t\t\t<\/div>\n\t\t<\/div>\n\t\t\t\t\t\t<\/div>\n\t\t\t\t<\/div>\n\t\t\t\t\t<\/div>\n\t\t<\/div>\n\t\t\t\t<div class=\"elementor-column elementor-col-50 elementor-inner-column elementor-element elementor-element-d8526e5\" data-id=\"d8526e5\" data-element_type=\"column\">\n\t\t\t<div class=\"elementor-widget-wrap elementor-element-populated\">\n\t\t\t\t\t\t<div class=\"elementor-element elementor-element-f593ee8 elementor-widget elementor-widget-text-editor\" data-id=\"f593ee8\" data-element_type=\"widget\" data-widget_type=\"text-editor.default\">\n\t\t\t\t<div class=\"elementor-widget-container\">\n\t\t\t\t\t\t\t\t\t<p>NIP:646-286-11-71<br \/>Regon:241228720<\/p>\t\t\t\t\t\t\t\t<\/div>\n\t\t\t\t<\/div>\n\t\t\t\t\t<\/div>\n\t\t<\/div>\n\t\t\t\t\t<\/div>\n\t\t<\/section>\n\t\t\t\t<section class=\"elementor-section elementor-inner-section elementor-element elementor-element-d2c356b elementor-section-full_width elementor-section-height-default elementor-section-height-default magic-button-disabled-no\" data-id=\"d2c356b\" data-element_type=\"section\">\n\t\t\t\t\t\t<div class=\"elementor-container elementor-column-gap-default\">\n\t\t\t\t\t<div class=\"elementor-column elementor-col-50 elementor-inner-column elementor-element elementor-element-0b3caf8\" data-id=\"0b3caf8\" data-element_type=\"column\">\n\t\t\t<div class=\"elementor-widget-wrap elementor-element-populated\">\n\t\t\t\t\t\t<div class=\"elementor-element elementor-element-790c9b4 elementor-view-framed elementor-shape-square elementor-widget elementor-widget-icon\" data-id=\"790c9b4\" data-element_type=\"widget\" data-widget_type=\"icon.default\">\n\t\t\t\t<div class=\"elementor-widget-container\">\n\t\t\t\t\t\t\t<div class=\"elementor-icon-wrapper\">\n\t\t\t<div class=\"elementor-icon\">\n\t\t\t<i aria-hidden=\"true\" class=\"fas fa-mobile-alt\"><\/i>\t\t\t<\/div>\n\t\t<\/div>\n\t\t\t\t\t\t<\/div>\n\t\t\t\t<\/div>\n\t\t\t\t\t<\/div>\n\t\t<\/div>\n\t\t\t\t<div class=\"elementor-column elementor-col-50 elementor-inner-column elementor-element elementor-element-a0dea9a\" data-id=\"a0dea9a\" data-element_type=\"column\">\n\t\t\t<div class=\"elementor-widget-wrap elementor-element-populated\">\n\t\t\t\t\t\t<div class=\"elementor-element elementor-element-818928b elementor-widget elementor-widget-text-editor\" data-id=\"818928b\" data-element_type=\"widget\" data-widget_type=\"text-editor.default\">\n\t\t\t\t<div class=\"elementor-widget-container\">\n\t\t\t\t\t\t\t\t\t<p>Tel.: +48 885 741 442<br \/>Email: biuro@nir.com.pl<\/p>\t\t\t\t\t\t\t\t<\/div>\n\t\t\t\t<\/div>\n\t\t\t\t\t<\/div>\n\t\t<\/div>\n\t\t\t\t\t<\/div>\n\t\t<\/section>\n\t\t\t\t\t<\/div>\n\t\t<\/div>\n\t\t\t\t<div class=\"elementor-column elementor-col-50 elementor-top-column elementor-element elementor-element-ce6f1bc\" data-id=\"ce6f1bc\" data-element_type=\"column\">\n\t\t\t<div class=\"elementor-widget-wrap elementor-element-populated\">\n\t\t\t\t\t\t<div class=\"elementor-element elementor-element-6b3b6ff elementor-widget elementor-widget-htcontactform-addons\" data-id=\"6b3b6ff\" data-element_type=\"widget\" data-widget_type=\"htcontactform-addons.default\">\n\t\t\t\t<div class=\"elementor-widget-container\">\n\t\t\t\t\t            <div class=\"htcontact-form-wrapper\" >\n                \n<div class=\"wpcf7 no-js\" id=\"wpcf7-f1211-o1\" lang=\"pl-PL\" dir=\"ltr\">\n<div class=\"screen-reader-response\"><p role=\"status\" aria-live=\"polite\" aria-atomic=\"true\"><\/p> <ul><\/ul><\/div>\n<form action=\"\/en\/wp-json\/wp\/v2\/pages\/1210#wpcf7-f1211-o1\" method=\"post\" class=\"wpcf7-form init wpcf7-acceptance-as-validation\" aria-label=\"Formularz kontaktowy\" novalidate=\"novalidate\" data-status=\"init\">\n<div style=\"display: none;\">\n<input type=\"hidden\" name=\"_wpcf7\" value=\"1211\" \/>\n<input type=\"hidden\" name=\"_wpcf7_version\" value=\"5.9.8\" \/>\n<input type=\"hidden\" name=\"_wpcf7_locale\" value=\"pl_PL\" \/>\n<input type=\"hidden\" name=\"_wpcf7_unit_tag\" value=\"wpcf7-f1211-o1\" \/>\n<input type=\"hidden\" name=\"_wpcf7_container_post\" value=\"0\" \/>\n<input type=\"hidden\" name=\"_wpcf7_posted_data_hash\" value=\"\" \/>\n<\/div>\n<div class=\"for_cform_styles\">\n\t<p>Name*<br \/>\n<span class=\"wpcf7-form-control-wrap\" data-name=\"your-name\"><input size=\"40\" maxlength=\"400\" class=\"wpcf7-form-control wpcf7-text wpcf7-validates-as-required\" aria-required=\"true\" aria-invalid=\"false\" value=\"\" type=\"text\" name=\"your-name\" \/><\/span>\n\t<\/p>\n\t<p>Email*<br \/>\n<span class=\"wpcf7-form-control-wrap\" data-name=\"your-email\"><input size=\"40\" maxlength=\"400\" class=\"wpcf7-form-control wpcf7-email wpcf7-validates-as-required wpcf7-text wpcf7-validates-as-email\" aria-required=\"true\" aria-invalid=\"false\" value=\"\" type=\"email\" name=\"your-email\" \/><\/span><br \/>\nSubject<br \/>\n<span class=\"wpcf7-form-control-wrap\" data-name=\"your-subject\"><input size=\"40\" maxlength=\"400\" class=\"wpcf7-form-control wpcf7-text\" aria-invalid=\"false\" value=\"\" type=\"text\" name=\"your-subject\" \/><\/span><br \/>\nMessage<br \/>\n<span class=\"wpcf7-form-control-wrap\" data-name=\"your-message\"><textarea cols=\"40\" rows=\"10\" maxlength=\"2000\" class=\"wpcf7-form-control wpcf7-textarea\" aria-invalid=\"false\" name=\"your-message\"><\/textarea><\/span><br \/>\n<span id=\"wpcf7-6a09a9b8dc363-wrapper\" class=\"wpcf7-form-control-wrap honeypot-830-wrap\" style=\"display:none !important; visibility:hidden !important;\"><label for=\"pot169\" class=\"hp-message\">Please leave this field empty.<\/label><input id=\"pot169\"  class=\"wpcf7-form-control wpcf7-text apotsp_1141251a_\" type=\"text\" name=\"honeypot-830\" value=\"\" size=\"40\" tabindex=\"-1\" autocomplete=\"new-password\" \/><\/span><br \/>\n<span class=\"wpcf7-form-control-wrap\" data-name=\"acceptance-737\"><span class=\"wpcf7-form-control wpcf7-acceptance\"><span class=\"wpcf7-list-item\"><label><input type=\"checkbox\" name=\"acceptance-737\" value=\"1\" aria-invalid=\"false\" \/><span class=\"wpcf7-list-item-label\">I accept <a href=\"https:\/\/nir.com.pl\/en\/privacy-policy\/\"\n>Privacy policy<\/a><\/span><\/label><\/span><\/span><\/span>\n\t<\/p>\n\t<p><input class=\"wpcf7-form-control wpcf7-submit has-spinner\" type=\"submit\" value=\"Send\" \/>\n\t<\/p>\n<\/div><div class=\"wpcf7-response-output\" aria-hidden=\"true\"><\/div>\n<\/form>\n<\/div>\n            <\/div>\n\n        \t\t\t\t<\/div>\n\t\t\t\t<\/div>\n\t\t\t\t\t<\/div>\n\t\t<\/div>\n\t\t\t\t\t<\/div>\n\t\t<\/section>\n\t\t\t\t<section class=\"elementor-section elementor-top-section elementor-element elementor-element-315c61c elementor-section-boxed elementor-section-height-default elementor-section-height-default magic-button-disabled-no\" data-id=\"315c61c\" data-element_type=\"section\">\n\t\t\t\t\t\t<div class=\"elementor-container elementor-column-gap-default\">\n\t\t\t\t\t<div class=\"elementor-column elementor-col-100 elementor-top-column elementor-element elementor-element-289ddb8\" data-id=\"289ddb8\" data-element_type=\"column\">\n\t\t\t<div class=\"elementor-widget-wrap elementor-element-populated\">\n\t\t\t\t\t\t<div class=\"elementor-element elementor-element-ab92216 elementor-widget elementor-widget-spacer\" data-id=\"ab92216\" data-element_type=\"widget\" data-widget_type=\"spacer.default\">\n\t\t\t\t<div class=\"elementor-widget-container\">\n\t\t\t\t\t\t\t<div class=\"elementor-spacer\">\n\t\t\t<div class=\"elementor-spacer-inner\"><\/div>\n\t\t<\/div>\n\t\t\t\t\t\t<\/div>\n\t\t\t\t<\/div>\n\t\t\t\t\t<\/div>\n\t\t<\/div>\n\t\t\t\t\t<\/div>\n\t\t<\/section>\n\t\t\t\t<\/div>\n\t\t","protected":false},"excerpt":{"rendered":"<p>Nowak &amp; Rajwa Business Services Anna Nowak, Barbara Urbanek Rajwa S.C. ul. Ko\u015bciuszki 38\/12, 40-048 Katowice NIP:646-286-11-71 Regon:241228720 Tel.: +48 885 741 442 Email: biuro@nir.com.pl Name* Email* Subject Message I accept Privacy policy<\/p>\n","protected":false},"author":3,"featured_media":0,"parent":0,"menu_order":0,"comment_status":"closed","ping_status":"closed","template":"elementor_header_footer","meta":{"_acf_changed":false,"footnotes":""},"acf":[],"yoast_head":"<!-- This site is optimized with the Yoast SEO plugin v23.5 - https:\/\/yoast.com\/wordpress\/plugins\/seo\/ -->\n<title>Contact - Nowak &amp; Rajwa - Kancelaria Bieg\u0142ych Rewident\u00f3w<\/title>\n<meta name=\"robots\" content=\"index, follow, max-snippet:-1, max-image-preview:large, max-video-preview:-1\" \/>\n<link rel=\"canonical\" href=\"https:\/\/nir.com.pl\/en\/contact\/\" \/>\n<meta property=\"og:locale\" content=\"en_US\" \/>\n<meta property=\"og:type\" content=\"article\" \/>\n<meta property=\"og:title\" content=\"Contact - Nowak &amp; Rajwa - Kancelaria Bieg\u0142ych Rewident\u00f3w\" \/>\n<meta property=\"og:description\" content=\"Nowak &amp; Rajwa Business Services Anna Nowak, Barbara Urbanek Rajwa S.C. ul. Ko\u015bciuszki 38\/12, 40-048 Katowice NIP:646-286-11-71 Regon:241228720 Tel.: +48 885 741 442 Email: biuro@nir.com.pl Name* Email* Subject Message I accept Privacy policy\" \/>\n<meta property=\"og:url\" content=\"https:\/\/nir.com.pl\/en\/contact\/\" \/>\n<meta property=\"og:site_name\" content=\"Nowak &amp; Rajwa - Kancelaria Bieg\u0142ych Rewident\u00f3w\" \/>\n<meta property=\"article:modified_time\" content=\"2021-03-03T12:22:19+00:00\" \/>\n<meta name=\"twitter:card\" content=\"summary_large_image\" \/>\n<meta name=\"twitter:label1\" content=\"Est. reading time\" \/>\n\t<meta name=\"twitter:data1\" content=\"1 minute\" \/>\n<script type=\"application\/ld+json\" class=\"yoast-schema-graph\">{\"@context\":\"https:\/\/schema.org\",\"@graph\":[{\"@type\":\"WebPage\",\"@id\":\"https:\/\/nir.com.pl\/en\/contact\/\",\"url\":\"https:\/\/nir.com.pl\/en\/contact\/\",\"name\":\"Contact - Nowak &amp; Rajwa - Kancelaria Bieg\u0142ych Rewident\u00f3w\",\"isPartOf\":{\"@id\":\"https:\/\/nir.com.pl\/en\/#website\"},\"datePublished\":\"2021-01-25T04:27:40+00:00\",\"dateModified\":\"2021-03-03T12:22:19+00:00\",\"breadcrumb\":{\"@id\":\"https:\/\/nir.com.pl\/en\/contact\/#breadcrumb\"},\"inLanguage\":\"en-US\",\"potentialAction\":[{\"@type\":\"ReadAction\",\"target\":[\"https:\/\/nir.com.pl\/en\/contact\/\"]}]},{\"@type\":\"BreadcrumbList\",\"@id\":\"https:\/\/nir.com.pl\/en\/contact\/#breadcrumb\",\"itemListElement\":[{\"@type\":\"ListItem\",\"position\":1,\"name\":\"Home\",\"item\":\"https:\/\/nir.com.pl\/en\/\"},{\"@type\":\"ListItem\",\"position\":2,\"name\":\"Contact\"}]},{\"@type\":\"WebSite\",\"@id\":\"https:\/\/nir.com.pl\/en\/#website\",\"url\":\"https:\/\/nir.com.pl\/en\/\",\"name\":\"Landingi\",\"description\":\"\",\"publisher\":{\"@id\":\"https:\/\/nir.com.pl\/en\/#organization\"},\"potentialAction\":[{\"@type\":\"SearchAction\",\"target\":{\"@type\":\"EntryPoint\",\"urlTemplate\":\"https:\/\/nir.com.pl\/en\/?s={search_term_string}\"},\"query-input\":{\"@type\":\"PropertyValueSpecification\",\"valueRequired\":true,\"valueName\":\"search_term_string\"}}],\"inLanguage\":\"en-US\"},{\"@type\":\"Organization\",\"@id\":\"https:\/\/nir.com.pl\/en\/#organization\",\"name\":\"Landingi\",\"url\":\"https:\/\/nir.com.pl\/en\/\",\"logo\":{\"@type\":\"ImageObject\",\"inLanguage\":\"en-US\",\"@id\":\"https:\/\/nir.com.pl\/en\/#\/schema\/logo\/image\/\",\"url\":\"https:\/\/nir.com.pl\/wp-content\/uploads\/2021\/01\/nir_logo_.svg\",\"contentUrl\":\"https:\/\/nir.com.pl\/wp-content\/uploads\/2021\/01\/nir_logo_.svg\",\"caption\":\"Landingi\"},\"image\":{\"@id\":\"https:\/\/nir.com.pl\/en\/#\/schema\/logo\/image\/\"}}]}<\/script>\n<!-- \/ Yoast SEO plugin. -->","yoast_head_json":{"title":"Contact - Nowak &amp; Rajwa - Kancelaria Bieg\u0142ych Rewident\u00f3w","robots":{"index":"index","follow":"follow","max-snippet":"max-snippet:-1","max-image-preview":"max-image-preview:large","max-video-preview":"max-video-preview:-1"},"canonical":"https:\/\/nir.com.pl\/en\/contact\/","og_locale":"en_US","og_type":"article","og_title":"Contact - Nowak &amp; Rajwa - Kancelaria Bieg\u0142ych Rewident\u00f3w","og_description":"Nowak &amp; Rajwa Business Services Anna Nowak, Barbara Urbanek Rajwa S.C. ul. Ko\u015bciuszki 38\/12, 40-048 Katowice NIP:646-286-11-71 Regon:241228720 Tel.: +48 885 741 442 Email: biuro@nir.com.pl Name* Email* Subject Message I accept Privacy policy","og_url":"https:\/\/nir.com.pl\/en\/contact\/","og_site_name":"Nowak &amp; Rajwa - Kancelaria Bieg\u0142ych Rewident\u00f3w","article_modified_time":"2021-03-03T12:22:19+00:00","twitter_card":"summary_large_image","twitter_misc":{"Est. reading time":"1 minute"},"schema":{"@context":"https:\/\/schema.org","@graph":[{"@type":"WebPage","@id":"https:\/\/nir.com.pl\/en\/contact\/","url":"https:\/\/nir.com.pl\/en\/contact\/","name":"Contact - Nowak &amp; Rajwa - Kancelaria Bieg\u0142ych Rewident\u00f3w","isPartOf":{"@id":"https:\/\/nir.com.pl\/en\/#website"},"datePublished":"2021-01-25T04:27:40+00:00","dateModified":"2021-03-03T12:22:19+00:00","breadcrumb":{"@id":"https:\/\/nir.com.pl\/en\/contact\/#breadcrumb"},"inLanguage":"en-US","potentialAction":[{"@type":"ReadAction","target":["https:\/\/nir.com.pl\/en\/contact\/"]}]},{"@type":"BreadcrumbList","@id":"https:\/\/nir.com.pl\/en\/contact\/#breadcrumb","itemListElement":[{"@type":"ListItem","position":1,"name":"Home","item":"https:\/\/nir.com.pl\/en\/"},{"@type":"ListItem","position":2,"name":"Contact"}]},{"@type":"WebSite","@id":"https:\/\/nir.com.pl\/en\/#website","url":"https:\/\/nir.com.pl\/en\/","name":"Landingi","description":"","publisher":{"@id":"https:\/\/nir.com.pl\/en\/#organization"},"potentialAction":[{"@type":"SearchAction","target":{"@type":"EntryPoint","urlTemplate":"https:\/\/nir.com.pl\/en\/?s={search_term_string}"},"query-input":{"@type":"PropertyValueSpecification","valueRequired":true,"valueName":"search_term_string"}}],"inLanguage":"en-US"},{"@type":"Organization","@id":"https:\/\/nir.com.pl\/en\/#organization","name":"Landingi","url":"https:\/\/nir.com.pl\/en\/","logo":{"@type":"ImageObject","inLanguage":"en-US","@id":"https:\/\/nir.com.pl\/en\/#\/schema\/logo\/image\/","url":"https:\/\/nir.com.pl\/wp-content\/uploads\/2021\/01\/nir_logo_.svg","contentUrl":"https:\/\/nir.com.pl\/wp-content\/uploads\/2021\/01\/nir_logo_.svg","caption":"Landingi"},"image":{"@id":"https:\/\/nir.com.pl\/en\/#\/schema\/logo\/image\/"}}]}},"_links":{"self":[{"href":"https:\/\/nir.com.pl\/en\/wp-json\/wp\/v2\/pages\/1210"}],"collection":[{"href":"https:\/\/nir.com.pl\/en\/wp-json\/wp\/v2\/pages"}],"about":[{"href":"https:\/\/nir.com.pl\/en\/wp-json\/wp\/v2\/types\/page"}],"author":[{"embeddable":true,"href":"https:\/\/nir.com.pl\/en\/wp-json\/wp\/v2\/users\/3"}],"replies":[{"embeddable":true,"href":"https:\/\/nir.com.pl\/en\/wp-json\/wp\/v2\/comments?post=1210"}],"version-history":[{"count":14,"href":"https:\/\/nir.com.pl\/en\/wp-json\/wp\/v2\/pages\/1210\/revisions"}],"predecessor-version":[{"id":1430,"href":"https:\/\/nir.com.pl\/en\/wp-json\/wp\/v2\/pages\/1210\/revisions\/1430"}],"wp:attachment":[{"href":"https:\/\/nir.com.pl\/en\/wp-json\/wp\/v2\/media?parent=1210"}],"curies":[{"name":"wp","href":"https:\/\/api.w.org\/{rel}","templated":true}]}}